{"id":166,"date":"2023-02-04T19:56:53","date_gmt":"2023-02-04T19:56:53","guid":{"rendered":"https:\/\/estrace.fr\/contact\/"},"modified":"2023-02-04T19:56:53","modified_gmt":"2023-02-04T19:56:53","slug":"contact","status":"publish","type":"page","link":"https:\/\/estrace.fr\/en\/contact\/","title":{"rendered":"Contact"},"content":{"rendered":"<h1>Welcome to Estrace.fr!<\/h1>\n<p>Estrace.fr is a magazine and blog website dedicated to all things fashion, beauty, lifestyle, and culture. We provide our readers with the latest news and trends in the fashion world, as well as up-to-date information on the latest beauty products and tips. Our blog section is full of interesting articles about the latest fashion trends and culture topics. <\/p>\n<p>We strive to provide our readers with the best possible experience. If you have any questions or comments, please don&#8217;t hesitate to contact us. We are always happy to hear from you!<\/p>\n<p>You can reach us by email at <a href=\"mailto:info@estrace.fr\">info@estrace.fr<\/a>, or by phone at +33 1 123 456 78.<\/p>\n<p>We look<\/p>","protected":false},"excerpt":{"rendered":"<p>Estrace.fr est votre destination pour toutes vos questions et pr\u00e9occupations relatives au contact. Nous fournissons des informations et des conseils sur les moyens de contacter notre \u00e9quipe pour obtenir des r\u00e9ponses \u00e0 vos questions et des solutions \u00e0 vos probl\u00e8mes. Contactez-nous aujourd&#8217;hui pour obtenir des r\u00e9ponses rapides et des solutions efficaces.<\/p>","protected":false},"author":1,"featured_media":0,"parent":0,"menu_order":0,"comment_status":"closed","ping_status":"closed","template":"","meta":{"footnotes":""},"ppma_author":[29],"class_list":["post-166","page","type-page","status-publish","hentry"],"aioseo_notices":[],"_links":{"self":[{"href":"https:\/\/estrace.fr\/en\/wp-json\/wp\/v2\/pages\/166","targetHints":{"allow":["GET"]}}],"collection":[{"href":"https:\/\/estrace.fr\/en\/wp-json\/wp\/v2\/pages"}],"about":[{"href":"https:\/\/estrace.fr\/en\/wp-json\/wp\/v2\/types\/page"}],"author":[{"embeddable":true,"href":"https:\/\/estrace.fr\/en\/wp-json\/wp\/v2\/users\/1"}],"replies":[{"embeddable":true,"href":"https:\/\/estrace.fr\/en\/wp-json\/wp\/v2\/comments?post=166"}],"version-history":[{"count":0,"href":"https:\/\/estrace.fr\/en\/wp-json\/wp\/v2\/pages\/166\/revisions"}],"wp:attachment":[{"href":"https:\/\/estrace.fr\/en\/wp-json\/wp\/v2\/media?parent=166"}],"wp:term":[{"taxonomy":"author","embeddable":true,"href":"https:\/\/estrace.fr\/en\/wp-json\/wp\/v2\/ppma_author?post=166"}],"curies":[{"name":"wp","href":"https:\/\/api.w.org\/{rel}","templated":true}]}}