{"id":170,"date":"2023-02-04T19:56:54","date_gmt":"2023-02-04T19:56:54","guid":{"rendered":"https:\/\/estrace.fr\/price-list\/"},"modified":"2023-02-04T19:56:54","modified_gmt":"2023-02-04T19:56:54","slug":"price-list","status":"publish","type":"page","link":"https:\/\/estrace.fr\/en\/price-list\/","title":{"rendered":"Price List"},"content":{"rendered":"<h2> Articles standard <\/h2>\n<p> Les articles standards Estrace.fr sont des articles de qualit\u00e9 sup\u00e9rieure qui sont disponibles pour un prix de plus de 150 $. Ces articles comprennent des articles de blog, des articles de presse, des articles de recherche et des articles d&#8217;actualit\u00e9. <\/p>\n<h2> Articles Premium <\/h2>\n<p> Les articles Premium Estrace.fr sont des articles de qualit\u00e9 sup\u00e9rieure qui sont disponibles pour un prix de plus de 300 $. Ces articles comprennent des articles de blog, des articles de presse, des articles de recherche et des articles d&#8217;actualit\u00e9. <\/p>\n<h2> Publicit\u00e9 <\/h2>\n<p> Estrace.fr offre aux entreprises et aux marques la possibilit\u00e9 de promouvoir leurs produits et services sur leur site Web. Les options de publicit\u00e9 comprennent la publicit\u00e9 native, la publicit\u00e9 display, la publicit\u00e9 vid\u00e9o et la publicit\u00e9 mobile. <\/p>\n<h2> Parrainages et partenariats <\/h2>\n<p> Estrace.fr offre aux entreprises et aux marques la possibilit\u00e9 de parrainer des articles et des contenus sur leur site Web. Les options de parrainage et de partenariat comprennent le parrainage de contenu, le partenariat de contenu et le partenariat de produit. <\/p>","protected":false},"excerpt":{"rendered":"<p>Estrace.fr propose une liste de prix pour ses produits. D\u00e9couvrez les meilleurs prix sur une large gamme de produits, y compris des produits de haute qualit\u00e9 et des produits \u00e0 prix abordable. Ne manquez pas cette occasion de trouver des produits \u00e0 des prix avantageux et de profiter de nos offres sp\u00e9ciales.<\/p>","protected":false},"author":1,"featured_media":0,"parent":0,"menu_order":0,"comment_status":"closed","ping_status":"closed","template":"","meta":{"footnotes":""},"ppma_author":[29],"class_list":["post-170","page","type-page","status-publish","hentry"],"aioseo_notices":[],"_links":{"self":[{"href":"https:\/\/estrace.fr\/en\/wp-json\/wp\/v2\/pages\/170","targetHints":{"allow":["GET"]}}],"collection":[{"href":"https:\/\/estrace.fr\/en\/wp-json\/wp\/v2\/pages"}],"about":[{"href":"https:\/\/estrace.fr\/en\/wp-json\/wp\/v2\/types\/page"}],"author":[{"embeddable":true,"href":"https:\/\/estrace.fr\/en\/wp-json\/wp\/v2\/users\/1"}],"replies":[{"embeddable":true,"href":"https:\/\/estrace.fr\/en\/wp-json\/wp\/v2\/comments?post=170"}],"version-history":[{"count":0,"href":"https:\/\/estrace.fr\/en\/wp-json\/wp\/v2\/pages\/170\/revisions"}],"wp:attachment":[{"href":"https:\/\/estrace.fr\/en\/wp-json\/wp\/v2\/media?parent=170"}],"wp:term":[{"taxonomy":"author","embeddable":true,"href":"https:\/\/estrace.fr\/en\/wp-json\/wp\/v2\/ppma_author?post=170"}],"curies":[{"name":"wp","href":"https:\/\/api.w.org\/{rel}","templated":true}]}}